{"id":1010,"date":"2019-01-27T18:25:26","date_gmt":"2019-01-27T17:25:26","guid":{"rendered":"http:\/\/www.oldtimerclub-zillertal.at\/wordpress\/?page_id=1010"},"modified":"2019-01-27T18:50:01","modified_gmt":"2019-01-27T17:50:01","slug":"datenschutzerklaerung","status":"publish","type":"page","link":"https:\/\/www.oldtimerclub-zillertal.at\/wordpress\/datenschutzerklaerung\/","title":{"rendered":"Datenschutzerkl\u00e4rung"},"content":{"rendered":"<h1>Datenschutzerkl\u00e4rung<\/h1>\n<p>Diese Datenschutzerkl\u00e4rung gilt unter anderem f\u00fcr:<\/p>\n<ul>\n<li>www.oldtimerclub-zillertal.at<\/li>\n<li>www.oldtimerclub-zillertal.at\/wordpress\/<\/li>\n<\/ul>\n<h5><strong>1. Name und Anschrift des Verantwortlichen<\/strong><\/h5>\n<p>Der Verantwortliche im Sinne der Datenschutz-Grundverordnung und anderer nationaler Datenschutzgesetze der Mitgliedsstaaten sowie sonstiger datenschutzrechtlicher Bestimmungen ist der:<\/p>\n<p>Verein<\/p>\n<p>Oldtimerclub Zillertal Tirol<\/p>\n<p>Vereinssitz: Bruck im Zillertal<\/p>\n<p>ZVR-Zahl: 022162935<\/p>\n<p>Zustellanschrift: Zaussach 250, 6232 M\u00fcnster<\/p>\n<p>\u00d6sterreich<\/p>\n<p>E-Mail: admin@oldtimerclub-zillertal.at<\/p>\n<p>Website: www.oldtimerclub-zillertal.at<\/p>\n<p>&nbsp;<\/p>\n<h5><strong>2. Allgemeines zur Datenverarbeitung <\/strong><\/h5>\n<p><strong>1. Umfang der Verarbeitung personenbezogener Daten <\/strong><\/p>\n<p>Wir erheben und verwenden personenbezogene Daten unserer Nutzer grunds\u00e4tzlich nur, soweit dies zur Bereitstellung einer funktionsf\u00e4higen Website sowie unserer Inhalte und Leistungen erforderlich ist.<\/p>\n<p>&nbsp;<\/p>\n<p><strong>2. Rechtsgrundlage f\u00fcr die Verarbeitung personenbezogener Daten <\/strong><\/p>\n<p>Soweit wir f\u00fcr Verarbeitungsvorg\u00e4nge personenbezogener Daten eine Einwilligung der betroffenen Person einholen, dient Art. 6 Abs. 1 lit. a EU-Datenschutzgrundverordnung (DSGVO) als Rechtsgrundlage.<\/p>\n<p>Bei der Verarbeitung von personenbezogenen Daten, die zur Erf\u00fcllung eines Vertrages, dessen Vertragspartei die betroffene Person ist, erforderlich ist, dient Art. 6 Abs. 1 lit. b DSGVO als Rechtsgrundlage. Dies gilt auch f\u00fcr Verarbeitungsvorg\u00e4nge, die zur Durchf\u00fchrung vorvertraglicher Ma\u00dfnahmen erforderlich sind.<\/p>\n<p>Soweit eine Verarbeitung personenbezogener Daten zur Erf\u00fcllung einer rechtlichen Verpflichtung erforderlich ist, der unser Unternehmen unterliegt, dient Art. 6 Abs. 1 lit. c DSGVO als Rechtsgrundlage.<\/p>\n<p>F\u00fcr den Fall, dass lebenswichtige Interessen der betroffenen Person oder einer anderen nat\u00fcrlichen Person eine Verarbeitung personenbezogener Daten erforderlich machen, dient Art. 6 Abs. 1 lit. d DSGVO als Rechtsgrundlage.<\/p>\n<p>Ist die Verarbeitung zur Wahrung eines berechtigten Interesses unseres Unternehmens oder eines Dritten erforderlich und \u00fcberwiegen die Interessen, Grundrechte und Grundfreiheiten des Betroffenen das erstgenannte Interesse nicht, so dient Art. 6 Abs. 1 lit. f DSGVO als Rechtsgrundlage f\u00fcr die Verarbeitung.<\/p>\n<p>&nbsp;<\/p>\n<p><strong>3. Datenl\u00f6schung und Speicherdauer <\/strong><\/p>\n<p>Die personenbezogenen Daten der betroffenen Person werden gel\u00f6scht oder gesperrt, sobald der Zweck der Speicherung entf\u00e4llt. Eine Speicherung kann dar\u00fcber hinaus erfolgen, wenn dies durch den europ\u00e4ischen oder nationalen Gesetzgeber in unionsrechtlichen Verordnungen, Gesetzen oder sonstigen Vorschriften, denen der Verantwortliche unterliegt, vorgesehen wurde. Eine Sperrung oder L\u00f6schung der Daten erfolgt auch dann, wenn eine durch die genannten Normen vorgeschriebene Speicherfrist abl\u00e4uft, es sei denn, dass eine Erforderlichkeit zur weiteren Speicherung der Daten f\u00fcr einen Vertragsabschluss oder eine Vertragserf\u00fcllung besteht.<\/p>\n<p>&nbsp;<\/p>\n<h5><strong>3. Bereitstellung der Website <\/strong><\/h5>\n<p><strong>1. Beschreibung und Umfang der Datenverarbeitung <\/strong><\/p>\n<p>Bei jedem Aufruf unserer Internetseite erfasst unser System automatisiert Daten und Informationen vom Computersystem des aufrufenden Rechners.<\/p>\n<p>Folgende Daten werden hierbei erhoben:<\/p>\n<p>&nbsp;<\/p>\n<p>(1) Informationen \u00fcber den Browsertyp und die verwendete Version<\/p>\n<p>(2) Das Betriebssystem des Nutzers<\/p>\n<p>(3) Den Internet-Service-Provider des Nutzers<\/p>\n<p>(4) Die IP-Adresse des Nutzers<\/p>\n<p>(5) Datum und Uhrzeit des Zugriffs<\/p>\n<p>(6) Websites, von denen das System des Nutzers auf unsere Internetseite gelangt<\/p>\n<p>(7) Websites, die vom System des Nutzers \u00fcber unsere Website aufgerufen werden<\/p>\n<p>&nbsp;<\/p>\n<p>Die Daten werden ebenfalls in den Logfiles unseres Systems gespeichert. Eine Speicherung dieser Daten zusammen mit anderen personenbezogenen Daten des Nutzers findet nicht statt.<\/p>\n<p>&nbsp;<\/p>\n<p><strong>2. Rechtsgrundlage f\u00fcr die Datenverarbeitung <\/strong><\/p>\n<p>Rechtsgrundlage f\u00fcr die vor\u00fcbergehende Speicherung der Daten und der Logfiles ist Art. 6 Abs. 1 lit. f DSGVO.<\/p>\n<p>&nbsp;<\/p>\n<p><strong>3. Zweck der Datenverarbeitung <\/strong><\/p>\n<p>Die vor\u00fcbergehende Speicherung der IP-Adresse durch das System ist notwendig, um eine Auslieferung der Website an den Rechner des Nutzers zu erm\u00f6glichen. Hierf\u00fcr muss die IP-Adresse des Nutzers f\u00fcr die Dauer der Sitzung gespeichert bleiben.<\/p>\n<p>Die Speicherung in Logfiles erfolgt, um die Funktionsf\u00e4higkeit der Website sicherzustellen. Zudem dienen uns die Daten zur Optimierung der Website und zur Sicherstellung der Sicherheit unserer informationstechnischen Systeme. Eine Auswertung der Daten zu Marketingzwecken findet in diesem Zusammenhang nicht statt.<\/p>\n<p>In diesen Zwecken liegt auch unser berechtigtes Interesse an der Datenverarbeitung nach Art. 6 Abs. 1 lit. f DSGVO.<\/p>\n<p>&nbsp;<\/p>\n<p><strong>4. Dauer der Speicherung <\/strong><\/p>\n<p>Die Daten werden gel\u00f6scht, sobald sie f\u00fcr die Erreichung des Zweckes ihrer Erhebung nicht mehr erforderlich sind. Im Falle der Erfassung der Daten zur Bereitstellung der Website ist dies der Fall, wenn die jeweilige Sitzung beendet ist. Im Falle der Speicherung der Daten in Logfiles ist dies nach sp\u00e4testens sieben Tagen der Fall. Eine dar\u00fcberhinausgehende Speicherung ist m\u00f6glich. In diesem Fall werden die IP-Adressen der Nutzer gel\u00f6scht oder verfremdet, sodass eine Zuordnung des aufrufenden Clients nicht mehr m\u00f6glich ist.<\/p>\n<p>&nbsp;<\/p>\n<p><strong>5. Widerspruchs- und Beseitigungsm\u00f6glichkeit <\/strong><\/p>\n<p>Die Erfassung der Daten zur Bereitstellung der Website und die Speicherung der Daten in Logfiles ist f\u00fcr den Betrieb der Internetseite zwingend erforderlich. Es besteht folglich seitens des Nutzers keine Widerspruchsm\u00f6glichkeit.<\/p>\n<p>&nbsp;<\/p>\n<h5><strong>4. Verwendung von Cookies <\/strong><\/h5>\n<p><strong>1. Beschreibung und Umfang der Datenverarbeitung <\/strong><\/p>\n<p>Unsere Webseite verwendet Cookies. Bei Cookies handelt es sich um Textdateien, die im Internetbrowser bzw. vom Internetbrowser auf dem Computersystem des Nutzers gespeichert werden. Ruft ein Nutzer eine Website auf, so kann ein Cookie auf dem Computersystem des Nutzers gespeichert werden. Dieser Cookie enth\u00e4lt eine charakteristische Zeichenfolge, die eine eindeutige Identifizierung des Browsers beim erneuten Aufrufen der Website erm\u00f6glicht.<\/p>\n<p>Wir setzen Cookies ein, um unsere Website nutzerfreundlicher zu gestalten. Einige Elemente unserer Internetseite erfordern es, dass der aufrufende Browser auch nach einem Seitenwechsel identifiziert werden kann.<\/p>\n<p>In den Cookies werden dabei folgende Daten gespeichert und \u00fcbermittelt:<\/p>\n<p>&nbsp;<\/p>\n<p>(1) Session-ID<\/p>\n<p>(2) Viewport Informationen<\/p>\n<p>(3) Suchfunktions-ID<\/p>\n<p>&nbsp;<\/p>\n<p><strong>2. Rechtsgrundlage f\u00fcr die Datenverarbeitung <\/strong><\/p>\n<p>Die Rechtsgrundlage f\u00fcr die Verarbeitung personenbezogener Daten unter Verwendung von Cookies ist Art. 6 Abs. 1 lit. f DSGVO.<\/p>\n<p>&nbsp;<\/p>\n<p><strong>3. Zweck der Datenverarbeitung <\/strong><\/p>\n<p>Der Zweck der Verwendung technisch notwendiger Cookies ist, die Nutzung von Websites f\u00fcr die Nutzer zu vereinfachen. Einige Funktionen unserer Internetseite k\u00f6nnen ohne den Einsatz von Cookies nicht angeboten werden. F\u00fcr diese ist es erforderlich, dass der Browser auch nach einem Seitenwechsel wiedererkannt wird.<\/p>\n<p>F\u00fcr folgende Anwendungen ben\u00f6tigen wir Cookies:<\/p>\n<p>&nbsp;<\/p>\n<p>(1) Spracheinstellungen<\/p>\n<p>(2) Warenkorbfunktionen<\/p>\n<p>(3) Formularvalidierungen<\/p>\n<p>(4) Onepageorder-Checkout<\/p>\n<p>(5) Affiliate-Funktion<\/p>\n<p>(6) Log-In-Informationen<\/p>\n<p>(7) Responsive-Verhalten<\/p>\n<p>&nbsp;<\/p>\n<p>Die durch technisch notwendige Cookies erhobenen Nutzerdaten werden nicht zur Erstellung von Nutzerprofilen verwendet.<\/p>\n<p>In diesen Zwecken liegt auch unser berechtigtes Interesse in der Verarbeitung der personenbezogenen Daten nach Art. 6 Abs. 1 lit. f DSGVO.<\/p>\n<p>&nbsp;<\/p>\n<p><strong>4.\u00a0Dauer der Speicherung, Widerspruchs- und Beseitigungsm\u00f6glichkeit <\/strong><\/p>\n<p>Cookies werden auf dem Rechner des Nutzers gespeichert und von diesem an unserer Seite \u00fcbermittelt. Daher haben Sie als Nutzer auch die volle Kontrolle \u00fcber die Verwendung von Cookies. Durch eine \u00c4nderung der Einstellungen in Ihrem Internetbrowser k\u00f6nnen Sie die \u00dcbertragung von Cookies deaktivieren oder einschr\u00e4nken. Bereits gespeicherte Cookies k\u00f6nnen jederzeit gel\u00f6scht werden. Dies kann auch automatisiert erfolgen. Werden Cookies f\u00fcr unsere Website deaktiviert, k\u00f6nnen m\u00f6glicherweise nicht mehr alle Funktionen der Website vollumf\u00e4nglich genutzt werden.<\/p>\n<p>&nbsp;<\/p>\n<h5><strong>5. Newsletter <\/strong><\/h5>\n<p><strong>1. Beschreibung und Umfang der Datenverarbeitung <\/strong><\/p>\n<p>Der Newsletter-Versand erfolgt aufgrund des Verkaufs von Waren oder Dienstleistungen.<\/p>\n<p>Wenn Sie auf unserer Internetseite Waren oder Dienstleistungen erwerben und hierbei Ihre E-Mail-Adresse hinterlegen, kann diese in der Folge durch uns f\u00fcr den Versand eines Newsletters verwendet werden. In einem solchen Fall wird \u00fcber den Newsletter ausschlie\u00dflich Direktwerbung f\u00fcr eigene \u00e4hnliche Waren oder Dienstleistungen versendet.<\/p>\n<p>Es erfolgt im Zusammenhang mit der Datenverarbeitung f\u00fcr den Versand von Newslettern keine Weitergabe der Daten an Dritte. Die Daten werden ausschlie\u00dflich f\u00fcr den Versand des Newsletters verwendet.<\/p>\n<p>&nbsp;<\/p>\n<p><strong>2. Rechtsgrundlage f\u00fcr die Datenverarbeitung <\/strong><\/p>\n<p>Rechtsgrundlage f\u00fcr den Versand des Newsletters infolge des Verkaufs von Waren oder Dienstleistungen ist Art. 6 Abs. 1 lit. f DSGVO sowie \u00a7 107 Abs 3 TKG.<\/p>\n<p>&nbsp;<\/p>\n<p><strong>3. Zweck der Datenverarbeitung <\/strong><\/p>\n<p>Die Verarbeitung der E-Mail-Adresse des Nutzers dient dazu, den Newsletter zuzustellen.<\/p>\n<p>&nbsp;<\/p>\n<p><strong>4. Dauer der Speicherung <\/strong><\/p>\n<p>Die E-Mail-Adresse des Nutzers wird drei Jahre nach Ende der Kundenbeziehung gel\u00f6scht.<\/p>\n<p>&nbsp;<\/p>\n<p><strong>5. Widerspruchs- und Beseitigungsm\u00f6glichkeit <\/strong><\/p>\n<p>Das Abonnement des Newsletters kann durch den betroffenen Nutzer jederzeit gek\u00fcndigt werden. Zu diesem Zweck findet sich in jedem Newsletter ein entsprechender Link.<\/p>\n<p>&nbsp;<\/p>\n<h5><strong>6. Vertragsabschluss <\/strong><\/h5>\n<p><strong>1. Beschreibung und Umfang der Datenverarbeitung <\/strong><\/p>\n<p>Auf unserer Internetseite bieten wir Nutzern die M\u00f6glichkeit, Produkte und Dienstleistungen zu erwerben. Dabei werden Daten in eine Eingabemaske eingegeben und an uns \u00fcbermittelt und gespeichert.<\/p>\n<p>Im Zeitpunkt der Registrierung werden zudem folgende Daten gespeichert:<\/p>\n<p>(1) Informationen \u00fcber den Browsertyp und die verwendete Version<\/p>\n<p>&nbsp;<\/p>\n<p>(2) Das Betriebssystem des Nutzers<\/p>\n<p>(3) Die IP-Adresse des Nutzers<\/p>\n<p>(4) Datum und Uhrzeit<\/p>\n<p>(5) Referrer<\/p>\n<p>&nbsp;<\/p>\n<p>Weitergabe der Daten an Dritte: Im Fall einer Domainregistrierung werden die Domainregistrierungsdaten an einen Registrierungsdienstleister und\/oder an eine Registrierungsstelle weitergegeben.<\/p>\n<p>Im Fall eines substanziellen Zahlungsverzugs werden die Daten n\u00f6tigenfalls an einen Kommunikationsdienstleister, an ein Inkassob\u00fcro, an Rechtsvertreter und das zust\u00e4ndige Gericht weitergegeben.<\/p>\n<p>&nbsp;<\/p>\n<p><strong>2. Rechtsgrundlage f\u00fcr die Datenverarbeitung <\/strong><\/p>\n<p>Insoweit die Verarbeitung der Erf\u00fcllung eines Vertrages dient, dessen Vertragspartei der Nutzer ist, oder der Durchf\u00fchrung vorvertraglicher Ma\u00dfnahmen, so ist die Rechtsgrundlage f\u00fcr die Verarbeitung der Daten Art. 6 Abs. 1 lit. b DSGVO.<\/p>\n<p>Die Rechtsgrundlage f\u00fcr die Weitergabe personenbezogener Daten an Kommunikationsdienstleister, an ein Inkassob\u00fcro, an Rechtsvertreter oder das zust\u00e4ndige Gericht ist Art. 6 Abs. 1 lit. f DSGVO.<\/p>\n<p>Soweit die Aufbewahrung Daten im Zusammenhang mit dem Vertragsabschluss zur Erf\u00fcllung einer rechtlichen Verpflichtung, insbesondere von unternehmens- und abgabenrechtlichen Nachweispflichten, erforderlich ist, der unser Unternehmen unterliegt, dient Art. 6 Abs. 1 lit. c DSGVO als Rechtsgrundlage.<\/p>\n<p>&nbsp;<\/p>\n<p><strong>3. Zweck der Datenverarbeitung <\/strong><\/p>\n<p>Die Datenverarbeitung ist zur Erf\u00fcllung eines Vertrages mit dem Nutzer oder zur Durchf\u00fchrung vorvertraglicher Ma\u00dfnahmen erforderlich.<\/p>\n<p>&nbsp;<\/p>\n<p><strong>4. Dauer der Speicherung <\/strong><\/p>\n<p>Die Daten werden gel\u00f6scht, sobald sie f\u00fcr die Erreichung des Zweckes ihrer Erhebung nicht mehr erforderlich sind.<\/p>\n<p>Dies ist f\u00fcr die zur Erf\u00fcllung eines Vertrags oder zur Durchf\u00fchrung vorvertraglicher Ma\u00dfnahmen erhobenen Daten dann der Fall, wenn die Daten f\u00fcr die Durchf\u00fchrung oder Dokumentation des Vertrages nicht mehr erforderlich sind. Auch nach Ende des Vertragsverh\u00e4ltnisses kann eine Erforderlichkeit, personenbezogene Daten zu speichern, bestehen, um vertraglichen oder gesetzlichen Verpflichtungen nachzukommen. Die Daten, die zur Erf\u00fcllung unternehmens- und abgabenrechtlichen Nachweispflichten im Zusammenhang mit dem Vertrag erforderlich sind, werden mit Ablauf des siebten Kalenderjahres nach Ende des Vertragsverh\u00e4ltnisses gel\u00f6scht, sofern nicht weitere gesetzliche Verpflichtungen bestehen, die eine l\u00e4ngere Speicherung erfordern.<\/p>\n<p>&nbsp;<\/p>\n<p><strong>5. Widerspruchs- und Beseitigungsm\u00f6glichkeit <\/strong><\/p>\n<p>Als Nutzer haben sie die M\u00f6glichkeit, abgeschlossene Vertr\u00e4ge im Rahmen der darin vereinbarten Bedingungen zu beenden. Die \u00fcber Sie gespeicherten Daten k\u00f6nnen Sie bei Bedarf jederzeit richtigstellen lassen.<\/p>\n<p>Sind die Daten zur Erf\u00fcllung eines Vertrages oder zur Durchf\u00fchrung vorvertraglicher Ma\u00dfnahmen erforderlich, ist eine vorzeitige L\u00f6schung der Daten nicht m\u00f6glich.<\/p>\n<h5><\/h5>\n<h5><strong>7. Kontaktformulare<\/strong><\/h5>\n<p><strong>1. Beschreibung und Umfang der Datenverarbeitung <\/strong><\/p>\n<p>Auf unserer Internetseite sind Kontaktformulare vorhanden, welche\u00a0f\u00fcr die elektronische Kontaktaufnahme genutzt werden k\u00f6nnen. Nimmt ein Nutzer diese M\u00f6glichkeit wahr, so werden die in der Eingabemaske eingegeben Daten an uns \u00fcbermittelt und gespeichert.<\/p>\n<p>F\u00fcr die Verarbeitung der Daten wird im Rahmen des Absendevorgangs Ihre Einwilligung eingeholt und auf diese Datenschutzerkl\u00e4rung verwiesen.<\/p>\n<p>Es erfolgt in diesem Zusammenhang keine Weitergabe der Daten an Dritte. Die Daten werden ausschlie\u00dflich f\u00fcr die Verarbeitung der Konversation verwendet.<\/p>\n<p>&nbsp;<\/p>\n<p><strong>2. Rechtsgrundlage f\u00fcr die Datenverarbeitung <\/strong><\/p>\n<p>Rechtsgrundlage f\u00fcr die Verarbeitung der Daten ist bei Vorliegen einer Einwilligung des Nutzers Art. 6 Abs. 1 lit. a DSGVO.<\/p>\n<p>Zielt die Kontaktaufnahme auf den Abschluss eines Vertrages ab, so ist zus\u00e4tzliche Rechtsgrundlage f\u00fcr die Verarbeitung Art. 6 Abs. 1 lit. b DSGVO.<\/p>\n<p>&nbsp;<\/p>\n<p><strong>3. Zweck der Datenverarbeitung <\/strong><\/p>\n<p>Die Verarbeitung der personenbezogenen Daten aus der Eingabemaske dient uns allein zur Bearbeitung der Kontaktaufnahme..<\/p>\n<p>Die sonstigen w\u00e4hrend des Absendevorgangs verarbeiteten personenbezogenen Daten dienen dazu, einen Missbrauch des Kontaktformulars zu verhindern und die Sicherheit unserer informationstechnischen Systeme sicherzustellen.<\/p>\n<p>&nbsp;<\/p>\n<p><strong>4. Dauer der Speicherung <\/strong><\/p>\n<p>Die Daten werden gel\u00f6scht, sobald sie f\u00fcr die Erreichung des Zweckes ihrer Erhebung nicht mehr erforderlich sind. F\u00fcr die personenbezogenen Daten aus der Eingabemaske des<\/p>\n<p>Kontaktformulars ist dies dann der Fall, wenn nicht mehr zu erwarten ist, dass die Kommunikation seitens des Nutzers fortgesetzt wird. Es wird davon ausgegangen, dass dies nach drei Jahren der Fall ist.<\/p>\n<p>F\u00fcr die w\u00e4hrend des Absendevorgangs zus\u00e4tzlich erhobenen personenbezogenen Daten gilt dasselbe wie f\u00fcr die Logfiles oben unter III.<\/p>\n<p>&nbsp;<\/p>\n<p><strong>5. Widerspruchs- und Beseitigungsm\u00f6glichkeit <\/strong><\/p>\n<p>Der Nutzer hat jederzeit die M\u00f6glichkeit, seine Einwilligung zur Verarbeitung der personenbezogenen Daten per E-Mail zu widerrufen.<\/p>\n<p>Alle personenbezogenen Daten, die im Zuge der Kontaktaufnahme gespeichert wurden, werden in diesem Fall gel\u00f6scht, sofern diese nicht zur Erf\u00fcllung eines Vertrages oder zur Durchf\u00fchrung vorvertraglicher Ma\u00dfnahmen erforderlich sind.<\/p>\n<p>&nbsp;<\/p>\n<h5><strong>8. Webanalyse durch Google Analytics <\/strong><\/h5>\n<p><strong>1. Umfang der Verarbeitung personenbezogener Daten <\/strong><\/p>\n<p>&nbsp;<\/p>\n<p>Unsere Internetseite benutzt Google Analytics, einen Webanalysedienst der Google Inc. (\u201eGoogle\u201c) Google Analytics verwendet sog. \u201eCookies\u201c, Textdateien, die auf Ihrem Computer gespeichert werden und die eine Analyse der Benutzung der Website durch Sie erm\u00f6glicht. Die durch den Cookie erzeugten Informationen \u00fcber Ihre Benutzung diese Website (einschlie\u00dflich Ihrer IP-Adresse) wird an einen Server von Google in den USA \u00fcbertragen und dort gespeichert. Google wird diese Informationen benutzen, um Ihre Nutzung der Website auszuwerten, um Reports \u00fcber die Websiteaktivit\u00e4ten f\u00fcr die Websitebetreiber zusammenzustellen und um weitere mit der Websitenutzung und der Internetnutzung verbundene Dienstleistungen zu erbringen. Auch wird Google diese Informationen gegebenenfalls an Dritte \u00fcbertragen, sofern dies gesetzlich vorgeschrieben oder soweit Dritte diese Daten im Auftrag von Google verarbeiten. Google wird in keinem Fall Ihre IP-Adresse mit anderen Daten\u00a0in Verbindung bringen.<\/p>\n<p>&nbsp;<\/p>\n<p>Sie k\u00f6nnen die Speicherung der Cookies durch eine entsprechende Einstellung Ihrer Browser Software verhindern; dar\u00fcber hinaus k\u00f6nnen Sie die Erfassung der durch das Cookie erzeugten Daten sowie die Verarbeitung dieser Daten durch Google verhindern, indem Sie das unter dem folgenden Link verf\u00fcgbare Browser-Plugin herunterladen und installieren:\u00a0<a href=\"http:\/\/tools.google.com\/dlpage\/gaoptout?hl=de\" target=\"_blank\" rel=\"noopener\">http:\/\/tools.google.com\/dlpage\/gaoptout?hl=de<\/a>. Wir weisen Sie jedoch darauf hin, dass Sie in diesem Fall gegebenenfalls nicht s\u00e4mtliche Funktionen dieser Website voll umf\u00e4nglich nutzen k\u00f6nnen.<\/p>\n<p>&nbsp;<\/p>\n<p>Durch die Nutzung dieser Website erkl\u00e4ren Sie sich mit der Bearbeitung der \u00fcber Sie erhobenen Daten durch Google in der zuvor beschriebenen Art und Weise und zu dem zuvor benannten Zweck einverstanden.<\/p>\n<p>&nbsp;<\/p>\n<p>IP-Anonymisierung: Wir nutzen die Funktion \u201eAktivierung der IP-Anonymisierung\u201c auf dieser Webseite. Dadurch wird Ihre IP-Adresse von Google innerhalb von Mitgliedstaaten der Europ\u00e4ischen Union oder in anderen Vertragsstaaten des Abkommens \u00fcber den Europ\u00e4ischen Wirtschaftsraum zuvor gek\u00fcrzt. Nur in Ausnahmef\u00e4llen wird die volle IP-Adresse an einen Server von Google in den USA \u00fcbertragen und dort gek\u00fcrzt. Im Auftrag des Betreibers dieser Website wird Google diese Informationen benutzen, um Ihre Nutzung der Website auszuwerten, um Reports \u00fcber die Websiteaktivit\u00e4ten zusammenzustellen und um weitere mit der Websitenutzung und der Internetnutzung verbundene Dienstleistungen gegen\u00fcber dem Websitebetreiber zu erbringen. Die im Rahmen von Google Analytics von Ihrem Browser \u00fcbermittelte IP-Adresse wird nicht mit anderen Daten von Google zusammengef\u00fchrt.<\/p>\n<p>&nbsp;<\/p>\n<p>Mehr Informationen zum Umgang mit Nutzerdaten bei Google Analytics finden Sie in der Datenschutzerkl\u00e4rung von Google: https:\/\/support.google.com\/analytics\/answer\/6004245?hl=de<\/p>\n<p>&nbsp;<\/p>\n<p><strong>2. Rechtsgrundlage f\u00fcr die Verarbeitung personenbezogener Daten <\/strong><\/p>\n<p>Rechtsgrundlage f\u00fcr die Verarbeitung der personenbezogenen Daten der Nutzer ist Art. 6 Abs. 1 lit. f DSGVO.<\/p>\n<p>&nbsp;<\/p>\n<p><strong>3. Zweck der Datenverarbeitung <\/strong><\/p>\n<p>Die Verarbeitung der personenbezogenen Daten der Nutzer erm\u00f6glicht uns eine Analyse des Surfverhaltens unserer Nutzer. Wir sind in durch die Auswertung der gewonnen Daten in der Lage, Informationen \u00fcber die Nutzung der einzelnen Komponenten unserer Webseite zusammenzustellen. Dies hilft uns dabei unsere Webseite und deren Nutzerfreundlichkeit stetig zu verbessern. In diesen Zwecken liegt auch unser berechtigtes Interesse in der Verarbeitung der Daten nach Art. 6 Abs. 1 lit. f DSGVO. Durch die Anonymisierung der IP-Adresse wird dem Interesse der Nutzer an deren Schutz personenbezogener Daten hinreichend Rechnung getragen.<\/p>\n<p>&nbsp;<\/p>\n<p><strong>4. Dauer der Speicherung <\/strong><\/p>\n<p>Die Daten werden gel\u00f6scht, sobald sie f\u00fcr unsere Aufzeichnungszwecke nicht mehr ben\u00f6tigt werden.<\/p>\n<p>In unserem Fall ist dies nach 26 Monaten der Fall.<\/p>\n<p>&nbsp;<\/p>\n<p><strong>5. Widerspruchs- und Beseitigungsm\u00f6glichkeit <\/strong><\/p>\n<p>Cookies werden auf dem Rechner des Nutzers gespeichert und von diesem an unserer Seite \u00fcbermittelt. Daher haben Sie als Nutzer auch die volle Kontrolle \u00fcber die Verwendung von Cookies. Durch eine \u00c4nderung der Einstellungen in Ihrem Internetbrowser k\u00f6nnen Sie die \u00dcbertragung von Cookies deaktivieren oder einschr\u00e4nken. Bereits gespeicherte Cookies k\u00f6nnen jederzeit gel\u00f6scht werden. Dies kann auch automatisiert erfolgen. Werden Cookies f\u00fcr unsere Website deaktiviert, k\u00f6nnen m\u00f6glicherweise nicht mehr alle Funktionen der Website vollumf\u00e4nglich genutzt werden.<\/p>\n<p>&nbsp;<\/p>\n<h5><strong>9. Rechte der betroffenen Person <\/strong><\/h5>\n<p>Sie haben ein Recht auf Auskunft \u00fcber die betreffenden personenbezogenen Daten (Art. 15 DSGVO), das Recht auf Berichtigung (Art. 16 DS-GVO), Daten\u00fcbertragbarkeit (Art. 20 DSGVO), L\u00f6schung (Art. 17 DSGVO) und auf Einschr\u00e4nkung der Verarbeitung (Art. 18 DS-GVO), welches bei World4You Internet Services GmbH (siehe Kontaktdaten oben) geltend gemacht werden kann. Weiters haben Sie ein Recht auf Beschwerde bei einer Aufsichtsbeh\u00f6rde, insbesondere in dem Mitgliedstaat Ihres Aufenthaltsortes.<\/p>\n<p>&nbsp;<\/p>\n<p>Version: 23.05.2018<\/p>\n","protected":false},"excerpt":{"rendered":"<p>Datenschutzerkl\u00e4rung Diese Datenschutzerkl\u00e4rung gilt unter anderem f\u00fcr: www.oldtimerclub-zillertal.at www.oldtimerclub-zillertal.at\/wordpress\/ 1. Name und Anschrift des Verantwortlichen Der Verantwortliche im Sinne der Datenschutz-Grundverordnung und anderer nationaler Datenschutzgesetze der Mitgliedsstaaten sowie sonstiger datenschutzrechtlicher [&hellip;]<\/p>\n","protected":false},"author":1,"featured_media":0,"parent":0,"menu_order":10,"comment_status":"closed","ping_status":"closed","template":"","meta":{"footnotes":""},"class_list":["post-1010","page","type-page","status-publish","hentry"],"_links":{"self":[{"href":"https:\/\/www.oldtimerclub-zillertal.at\/wordpress\/wp-json\/wp\/v2\/pages\/1010","targetHints":{"allow":["GET"]}}],"collection":[{"href":"https:\/\/www.oldtimerclub-zillertal.at\/wordpress\/wp-json\/wp\/v2\/pages"}],"about":[{"href":"https:\/\/www.oldtimerclub-zillertal.at\/wordpress\/wp-json\/wp\/v2\/types\/page"}],"author":[{"embeddable":true,"href":"https:\/\/www.oldtimerclub-zillertal.at\/wordpress\/wp-json\/wp\/v2\/users\/1"}],"replies":[{"embeddable":true,"href":"https:\/\/www.oldtimerclub-zillertal.at\/wordpress\/wp-json\/wp\/v2\/comments?post=1010"}],"version-history":[{"count":6,"href":"https:\/\/www.oldtimerclub-zillertal.at\/wordpress\/wp-json\/wp\/v2\/pages\/1010\/revisions"}],"predecessor-version":[{"id":1104,"href":"https:\/\/www.oldtimerclub-zillertal.at\/wordpress\/wp-json\/wp\/v2\/pages\/1010\/revisions\/1104"}],"wp:attachment":[{"href":"https:\/\/www.oldtimerclub-zillertal.at\/wordpress\/wp-json\/wp\/v2\/media?parent=1010"}],"curies":[{"name":"wp","href":"https:\/\/api.w.org\/{rel}","templated":true}]}}