{"id":463,"date":"2017-08-01T00:00:10","date_gmt":"2017-07-31T22:00:10","guid":{"rendered":"http:\/\/www.oldtimerclub-zillertal.at\/wordpress\/?page_id=463"},"modified":"2019-11-16T09:45:24","modified_gmt":"2019-11-16T08:45:24","slug":"august-2017-fn-modell-13","status":"publish","type":"page","link":"https:\/\/www.oldtimerclub-zillertal.at\/wordpress\/motorrad-des-monats\/august-2017-fn-modell-13\/","title":{"rendered":"FN Modell 13"},"content":{"rendered":"<p><img loading=\"lazy\" decoding=\"async\" class=\"aligncenter size-full wp-image-464\" src=\"https:\/\/www.oldtimerclub-zillertal.at\/wordpress\/wp-content\/uploads\/2017\/07\/IMG_0953.jpg\" alt=\"IMG_0953\" width=\"3264\" height=\"2448\" srcset=\"https:\/\/www.oldtimerclub-zillertal.at\/wordpress\/wp-content\/uploads\/2017\/07\/IMG_0953.jpg 3264w, https:\/\/www.oldtimerclub-zillertal.at\/wordpress\/wp-content\/uploads\/2017\/07\/IMG_0953-300x225.jpg 300w, https:\/\/www.oldtimerclub-zillertal.at\/wordpress\/wp-content\/uploads\/2017\/07\/IMG_0953-768x576.jpg 768w, https:\/\/www.oldtimerclub-zillertal.at\/wordpress\/wp-content\/uploads\/2017\/07\/IMG_0953-1024x768.jpg 1024w\" sizes=\"auto, (max-width: 3264px) 100vw, 3264px\" \/> <img loading=\"lazy\" decoding=\"async\" class=\"aligncenter size-full wp-image-465\" src=\"https:\/\/www.oldtimerclub-zillertal.at\/wordpress\/wp-content\/uploads\/2017\/07\/IMG_0954.jpg\" alt=\"IMG_0954\" width=\"3264\" height=\"2448\" srcset=\"https:\/\/www.oldtimerclub-zillertal.at\/wordpress\/wp-content\/uploads\/2017\/07\/IMG_0954.jpg 3264w, https:\/\/www.oldtimerclub-zillertal.at\/wordpress\/wp-content\/uploads\/2017\/07\/IMG_0954-300x225.jpg 300w, https:\/\/www.oldtimerclub-zillertal.at\/wordpress\/wp-content\/uploads\/2017\/07\/IMG_0954-768x576.jpg 768w, https:\/\/www.oldtimerclub-zillertal.at\/wordpress\/wp-content\/uploads\/2017\/07\/IMG_0954-1024x768.jpg 1024w\" sizes=\"auto, (max-width: 3264px) 100vw, 3264px\" \/> <img loading=\"lazy\" decoding=\"async\" class=\"aligncenter size-full wp-image-466\" src=\"https:\/\/www.oldtimerclub-zillertal.at\/wordpress\/wp-content\/uploads\/2017\/07\/IMG_0955.jpg\" alt=\"IMG_0955\" width=\"3264\" height=\"2448\" srcset=\"https:\/\/www.oldtimerclub-zillertal.at\/wordpress\/wp-content\/uploads\/2017\/07\/IMG_0955.jpg 3264w, https:\/\/www.oldtimerclub-zillertal.at\/wordpress\/wp-content\/uploads\/2017\/07\/IMG_0955-300x225.jpg 300w, https:\/\/www.oldtimerclub-zillertal.at\/wordpress\/wp-content\/uploads\/2017\/07\/IMG_0955-768x576.jpg 768w, https:\/\/www.oldtimerclub-zillertal.at\/wordpress\/wp-content\/uploads\/2017\/07\/IMG_0955-1024x768.jpg 1024w\" sizes=\"auto, (max-width: 3264px) 100vw, 3264px\" \/><\/p>\n<div>Die FN M 13 wurde von 1947 bis 1952 gebaut. In den ersten Produktionsjahren hatte sie als Vorderradf\u00fchrung eine gezogene Langschwinge mit Zugfedern sp\u00e4ter mit Gummibandfederung. Da diese au\u00dfergew\u00f6hnliche Konstruktion beim Publikum nicht ankam, wurde das Modell 13 im letzten Jahr mit einer herk\u00f6mmlichen Teleskopgabel ausgestattet.<\/div>\n<div><\/div>\n<div>Die abgebildete Maschine enstammt also dem Baujahr 1952 und befindet sich weitgehend im Originalzustand. Die Kupplung, einige Zahnr\u00e4der und die Naben wurden im Eigenbau rekonstruiert, das Vorderrrad enstammt einer BMW R51\/3, da das Original nur eine sehr unzureichende Bremswirkung hat.<\/div>\n<div><\/div>\n<div>Der Besitzer hat nach einigen Jahren des \u00c4rgerns nun schon zuverl\u00e4ssig 7000km zur\u00fcckgelegt.<\/div>\n","protected":false},"excerpt":{"rendered":"<p>Die FN M 13 wurde von 1947 bis 1952 gebaut. In den ersten Produktionsjahren hatte sie als Vorderradf\u00fchrung eine gezogene Langschwinge mit Zugfedern sp\u00e4ter mit Gummibandfederung. Da diese au\u00dfergew\u00f6hnliche Konstruktion [&hellip;]<\/p>\n","protected":false},"author":1,"featured_media":0,"parent":133,"menu_order":-4,"comment_status":"closed","ping_status":"closed","template":"","meta":{"footnotes":""},"class_list":["post-463","page","type-page","status-publish","hentry"],"_links":{"self":[{"href":"https:\/\/www.oldtimerclub-zillertal.at\/wordpress\/wp-json\/wp\/v2\/pages\/463","targetHints":{"allow":["GET"]}}],"collection":[{"href":"https:\/\/www.oldtimerclub-zillertal.at\/wordpress\/wp-json\/wp\/v2\/pages"}],"about":[{"href":"https:\/\/www.oldtimerclub-zillertal.at\/wordpress\/wp-json\/wp\/v2\/types\/page"}],"author":[{"embeddable":true,"href":"https:\/\/www.oldtimerclub-zillertal.at\/wordpress\/wp-json\/wp\/v2\/users\/1"}],"replies":[{"embeddable":true,"href":"https:\/\/www.oldtimerclub-zillertal.at\/wordpress\/wp-json\/wp\/v2\/comments?post=463"}],"version-history":[{"count":2,"href":"https:\/\/www.oldtimerclub-zillertal.at\/wordpress\/wp-json\/wp\/v2\/pages\/463\/revisions"}],"predecessor-version":[{"id":1636,"href":"https:\/\/www.oldtimerclub-zillertal.at\/wordpress\/wp-json\/wp\/v2\/pages\/463\/revisions\/1636"}],"up":[{"embeddable":true,"href":"https:\/\/www.oldtimerclub-zillertal.at\/wordpress\/wp-json\/wp\/v2\/pages\/133"}],"wp:attachment":[{"href":"https:\/\/www.oldtimerclub-zillertal.at\/wordpress\/wp-json\/wp\/v2\/media?parent=463"}],"curies":[{"name":"wp","href":"https:\/\/api.w.org\/{rel}","templated":true}]}}