{"id":777,"date":"2017-10-09T21:08:51","date_gmt":"2017-10-09T19:08:51","guid":{"rendered":"http:\/\/www.oldtimerclub-zillertal.at\/wordpress\/?page_id=777"},"modified":"2019-11-16T09:44:11","modified_gmt":"2019-11-16T08:44:11","slug":"oktober-2017-slu-eigenbau","status":"publish","type":"page","link":"https:\/\/www.oldtimerclub-zillertal.at\/wordpress\/motorrad-des-monats\/oktober-2017-slu-eigenbau\/","title":{"rendered":"SLU Eigenbau"},"content":{"rendered":"<p><img loading=\"lazy\" decoding=\"async\" class=\"size-full wp-image-778\" src=\"https:\/\/www.oldtimerclub-zillertal.at\/wordpress\/wp-content\/uploads\/2017\/10\/P8140003.jpg\" alt=\"OLYMPUS DIGITAL CAMERA\" width=\"4608\" height=\"3456\" srcset=\"https:\/\/www.oldtimerclub-zillertal.at\/wordpress\/wp-content\/uploads\/2017\/10\/P8140003.jpg 4608w, https:\/\/www.oldtimerclub-zillertal.at\/wordpress\/wp-content\/uploads\/2017\/10\/P8140003-300x225.jpg 300w, https:\/\/www.oldtimerclub-zillertal.at\/wordpress\/wp-content\/uploads\/2017\/10\/P8140003-768x576.jpg 768w, https:\/\/www.oldtimerclub-zillertal.at\/wordpress\/wp-content\/uploads\/2017\/10\/P8140003-1024x768.jpg 1024w\" sizes=\"auto, (max-width: 4608px) 100vw, 4608px\" \/><\/p>\n<p><img loading=\"lazy\" decoding=\"async\" class=\"size-full wp-image-779\" src=\"https:\/\/www.oldtimerclub-zillertal.at\/wordpress\/wp-content\/uploads\/2017\/10\/P8140005.jpg\" alt=\"OLYMPUS DIGITAL CAMERA\" width=\"4608\" height=\"3456\" srcset=\"https:\/\/www.oldtimerclub-zillertal.at\/wordpress\/wp-content\/uploads\/2017\/10\/P8140005.jpg 4608w, https:\/\/www.oldtimerclub-zillertal.at\/wordpress\/wp-content\/uploads\/2017\/10\/P8140005-300x225.jpg 300w, https:\/\/www.oldtimerclub-zillertal.at\/wordpress\/wp-content\/uploads\/2017\/10\/P8140005-768x576.jpg 768w, https:\/\/www.oldtimerclub-zillertal.at\/wordpress\/wp-content\/uploads\/2017\/10\/P8140005-1024x768.jpg 1024w\" sizes=\"auto, (max-width: 4608px) 100vw, 4608px\" \/><\/p>\n<p><img loading=\"lazy\" decoding=\"async\" class=\"size-full wp-image-780\" src=\"https:\/\/www.oldtimerclub-zillertal.at\/wordpress\/wp-content\/uploads\/2017\/10\/P8140006.jpg\" alt=\"OLYMPUS DIGITAL CAMERA\" width=\"4608\" height=\"3456\" srcset=\"https:\/\/www.oldtimerclub-zillertal.at\/wordpress\/wp-content\/uploads\/2017\/10\/P8140006.jpg 4608w, https:\/\/www.oldtimerclub-zillertal.at\/wordpress\/wp-content\/uploads\/2017\/10\/P8140006-300x225.jpg 300w, https:\/\/www.oldtimerclub-zillertal.at\/wordpress\/wp-content\/uploads\/2017\/10\/P8140006-768x576.jpg 768w, https:\/\/www.oldtimerclub-zillertal.at\/wordpress\/wp-content\/uploads\/2017\/10\/P8140006-1024x768.jpg 1024w\" sizes=\"auto, (max-width: 4608px) 100vw, 4608px\" \/><\/p>\n<p><img loading=\"lazy\" decoding=\"async\" class=\"size-full wp-image-781\" src=\"https:\/\/www.oldtimerclub-zillertal.at\/wordpress\/wp-content\/uploads\/2017\/10\/P8140007.jpg\" alt=\"OLYMPUS DIGITAL CAMERA\" width=\"4608\" height=\"3456\" srcset=\"https:\/\/www.oldtimerclub-zillertal.at\/wordpress\/wp-content\/uploads\/2017\/10\/P8140007.jpg 4608w, https:\/\/www.oldtimerclub-zillertal.at\/wordpress\/wp-content\/uploads\/2017\/10\/P8140007-300x225.jpg 300w, https:\/\/www.oldtimerclub-zillertal.at\/wordpress\/wp-content\/uploads\/2017\/10\/P8140007-768x576.jpg 768w, https:\/\/www.oldtimerclub-zillertal.at\/wordpress\/wp-content\/uploads\/2017\/10\/P8140007-1024x768.jpg 1024w\" sizes=\"auto, (max-width: 4608px) 100vw, 4608px\" \/><\/p>\n<p>&nbsp;<\/p>\n<p>Aus dem Boxermotor eines franz\u00f6sischen Stromaggregates mit 125ccm und Baujahr 1935, dem Tank einer NSU Quick, R\u00e4der und Getriebe aus Puch-Fertigung hat unser Clubmitglied Ludwig Schmalzl diesen wundersch\u00f6nen Eigenbau kreiert. Dabei entstand der formsch\u00f6ne Rahmen komplett neu und eine vielzahl an Teilen musste extra angefertigt werden. Das Gef\u00e4hrt \u00fcberzeugte bei unserer letzten gro\u00dfen Ausstellung mit seiner durchaus imposanten Ger\u00e4uschkulisse und nat\u00fcrlich der ausgezeichneten Verarbeitungsqualit\u00e4t.<\/p>\n","protected":false},"excerpt":{"rendered":"<p>&nbsp; Aus dem Boxermotor eines franz\u00f6sischen Stromaggregates mit 125ccm und Baujahr 1935, dem Tank einer NSU Quick, R\u00e4der und Getriebe aus Puch-Fertigung hat unser Clubmitglied Ludwig Schmalzl diesen wundersch\u00f6nen Eigenbau [&hellip;]<\/p>\n","protected":false},"author":1,"featured_media":0,"parent":133,"menu_order":-6,"comment_status":"closed","ping_status":"closed","template":"","meta":{"footnotes":""},"class_list":["post-777","page","type-page","status-publish","hentry"],"_links":{"self":[{"href":"https:\/\/www.oldtimerclub-zillertal.at\/wordpress\/wp-json\/wp\/v2\/pages\/777","targetHints":{"allow":["GET"]}}],"collection":[{"href":"https:\/\/www.oldtimerclub-zillertal.at\/wordpress\/wp-json\/wp\/v2\/pages"}],"about":[{"href":"https:\/\/www.oldtimerclub-zillertal.at\/wordpress\/wp-json\/wp\/v2\/types\/page"}],"author":[{"embeddable":true,"href":"https:\/\/www.oldtimerclub-zillertal.at\/wordpress\/wp-json\/wp\/v2\/users\/1"}],"replies":[{"embeddable":true,"href":"https:\/\/www.oldtimerclub-zillertal.at\/wordpress\/wp-json\/wp\/v2\/comments?post=777"}],"version-history":[{"count":2,"href":"https:\/\/www.oldtimerclub-zillertal.at\/wordpress\/wp-json\/wp\/v2\/pages\/777\/revisions"}],"predecessor-version":[{"id":1632,"href":"https:\/\/www.oldtimerclub-zillertal.at\/wordpress\/wp-json\/wp\/v2\/pages\/777\/revisions\/1632"}],"up":[{"embeddable":true,"href":"https:\/\/www.oldtimerclub-zillertal.at\/wordpress\/wp-json\/wp\/v2\/pages\/133"}],"wp:attachment":[{"href":"https:\/\/www.oldtimerclub-zillertal.at\/wordpress\/wp-json\/wp\/v2\/media?parent=777"}],"curies":[{"name":"wp","href":"https:\/\/api.w.org\/{rel}","templated":true}]}}