{"id":892,"date":"2018-02-03T14:49:12","date_gmt":"2018-02-03T13:49:12","guid":{"rendered":"http:\/\/www.oldtimerclub-zillertal.at\/wordpress\/?page_id=892"},"modified":"2019-11-16T09:43:19","modified_gmt":"2019-11-16T08:43:19","slug":"jaenner-2018-velocette-kss-mk-1","status":"publish","type":"page","link":"https:\/\/www.oldtimerclub-zillertal.at\/wordpress\/motorrad-des-monats\/jaenner-2018-velocette-kss-mk-1\/","title":{"rendered":"Velocette KSS MK 1"},"content":{"rendered":"<p><img loading=\"lazy\" decoding=\"async\" class=\"aligncenter size-large wp-image-893\" src=\"https:\/\/www.oldtimerclub-zillertal.at\/wordpress\/wp-content\/uploads\/2018\/02\/IMG-20180120-WA0002-1024x768.jpg\" alt=\"IMG-20180120-WA0002\" width=\"720\" height=\"540\" srcset=\"https:\/\/www.oldtimerclub-zillertal.at\/wordpress\/wp-content\/uploads\/2018\/02\/IMG-20180120-WA0002-1024x768.jpg 1024w, https:\/\/www.oldtimerclub-zillertal.at\/wordpress\/wp-content\/uploads\/2018\/02\/IMG-20180120-WA0002-300x225.jpg 300w, https:\/\/www.oldtimerclub-zillertal.at\/wordpress\/wp-content\/uploads\/2018\/02\/IMG-20180120-WA0002-768x576.jpg 768w, https:\/\/www.oldtimerclub-zillertal.at\/wordpress\/wp-content\/uploads\/2018\/02\/IMG-20180120-WA0002.jpg 1600w\" sizes=\"auto, (max-width: 720px) 100vw, 720px\" \/> <img loading=\"lazy\" decoding=\"async\" class=\"aligncenter size-large wp-image-894\" src=\"https:\/\/www.oldtimerclub-zillertal.at\/wordpress\/wp-content\/uploads\/2018\/02\/IMG-20180120-WA0003-1024x768.jpg\" alt=\"IMG-20180120-WA0003\" width=\"720\" height=\"540\" srcset=\"https:\/\/www.oldtimerclub-zillertal.at\/wordpress\/wp-content\/uploads\/2018\/02\/IMG-20180120-WA0003-1024x768.jpg 1024w, https:\/\/www.oldtimerclub-zillertal.at\/wordpress\/wp-content\/uploads\/2018\/02\/IMG-20180120-WA0003-300x225.jpg 300w, https:\/\/www.oldtimerclub-zillertal.at\/wordpress\/wp-content\/uploads\/2018\/02\/IMG-20180120-WA0003-768x576.jpg 768w, https:\/\/www.oldtimerclub-zillertal.at\/wordpress\/wp-content\/uploads\/2018\/02\/IMG-20180120-WA0003.jpg 1600w\" sizes=\"auto, (max-width: 720px) 100vw, 720px\" \/><\/p>\n<p>Velocette pr\u00e4sentierte 1925 eine Reihe neuer 350ccm Modelle mit obenliegender Nockenwelle, die K-Serie. Das abgebildete Modell KSS wurde als production roadster motorcycle vertrieben, was in etwa einem heutigen Supersportler entspricht. Nur das Modell KTT war als k\u00e4ufliche Rennmaschine der KSS \u00fcberlegen, aber auch dementsprechend teuer und heute sehr selten. Von Privatfahrern wurden daher meist getunte KSS-Modelle eingesetzt.<\/p>\n<p>Unser Fotomodell entstammt dem Baujahr 1931 und hat ca. 20PS bei 120 Kilogramm Gewicht. Die obenliegende Nockenwelle wird mit einer K\u00f6nigswelle angetrieben, die Antriebskraft kommt \u00fcber ein Dreiganggetriebe und Kette zum Hinterrad. Diese KSS stand lange Jahre in einer Sammlung in Ungarn, kam von dort nach Tirol und wird jetzt nach einer Motor\u00fcberholung regelm\u00e4\u00dfig auf Rennveranstaltungen eingesetzt.<\/p>\n","protected":false},"excerpt":{"rendered":"<p>Velocette pr\u00e4sentierte 1925 eine Reihe neuer 350ccm Modelle mit obenliegender Nockenwelle, die K-Serie. Das abgebildete Modell KSS wurde als production roadster motorcycle vertrieben, was in etwa einem heutigen Supersportler entspricht. [&hellip;]<\/p>\n","protected":false},"author":1,"featured_media":0,"parent":133,"menu_order":-8,"comment_status":"closed","ping_status":"closed","template":"","meta":{"footnotes":""},"class_list":["post-892","page","type-page","status-publish","hentry"],"_links":{"self":[{"href":"https:\/\/www.oldtimerclub-zillertal.at\/wordpress\/wp-json\/wp\/v2\/pages\/892","targetHints":{"allow":["GET"]}}],"collection":[{"href":"https:\/\/www.oldtimerclub-zillertal.at\/wordpress\/wp-json\/wp\/v2\/pages"}],"about":[{"href":"https:\/\/www.oldtimerclub-zillertal.at\/wordpress\/wp-json\/wp\/v2\/types\/page"}],"author":[{"embeddable":true,"href":"https:\/\/www.oldtimerclub-zillertal.at\/wordpress\/wp-json\/wp\/v2\/users\/1"}],"replies":[{"embeddable":true,"href":"https:\/\/www.oldtimerclub-zillertal.at\/wordpress\/wp-json\/wp\/v2\/comments?post=892"}],"version-history":[{"count":3,"href":"https:\/\/www.oldtimerclub-zillertal.at\/wordpress\/wp-json\/wp\/v2\/pages\/892\/revisions"}],"predecessor-version":[{"id":1629,"href":"https:\/\/www.oldtimerclub-zillertal.at\/wordpress\/wp-json\/wp\/v2\/pages\/892\/revisions\/1629"}],"up":[{"embeddable":true,"href":"https:\/\/www.oldtimerclub-zillertal.at\/wordpress\/wp-json\/wp\/v2\/pages\/133"}],"wp:attachment":[{"href":"https:\/\/www.oldtimerclub-zillertal.at\/wordpress\/wp-json\/wp\/v2\/media?parent=892"}],"curies":[{"name":"wp","href":"https:\/\/api.w.org\/{rel}","templated":true}]}}